{"id":6,"date":"2007-12-04T15:14:27","date_gmt":"2007-12-04T14:14:27","guid":{"rendered":"http:\/\/www.bueroplasz.de\/art\/?page_id=6"},"modified":"2023-08-29T14:49:35","modified_gmt":"2023-08-29T13:49:35","slug":"network","status":"publish","type":"page","link":"https:\/\/www.bueroplasz.de\/art\/?page_id=6","title":{"rendered":"network"},"content":{"rendered":"\n<p class=\"has-small-font-size\">We are a team of socially conscious designers, entrepreneurs, scientists, engineers, artists and inventors. Our passion is applying innovative solutions to social issues. Our projects have addressed a range of issues, from historic building preservation, to science and technology education and farm sustainability. We focus on delivering effective and economically sustainable projects. By merging social goals with effective business practices we achieve successful, sustainable projects.<\/p>\n\n\n\n<p class=\"has-small-font-size\">We are working with clients directly and draw upon our international partners and colleagues. Over time we have worked on amazing projects and we have built a strong network of professionals by being very careful and choosy about how we do things.<\/p>\n\n\n\n<p class=\"has-small-font-size\">Our international collaboration makes us responsive and flexible and also efficient. We meet daily through our virtual office where we have an ongoing exchange of ideas and solutions. In the real world, we make regular visits to our bases of operations in Sudbury, Ontario\/Canada, Glasgow\/Scotland, Southampton\/England, and Lauterbach\/Germany. This network makes us very strong and very flexible. We are able to assemble and apply a \u201cblast\u201d of manpower to any project. <\/p>\n\n\n\n<p class=\"has-small-font-size\">This can be a team of two or a team of twenty &#8211; depending on the requirements.<\/p>\n\n\n\n<p class=\"has-small-font-size\"><font color=\"#e2007a\">Wir sind ein Team von Designern, Unternehmern, Wissenschaftlern, Ingenieuren, K\u00fcnstlern und Erfindern, die gesellschaftsverantwortlich agieren. Unsere Passion: Innovative Vorschl\u00e4ge zur Beantwortung der gesellschaftlich relevanten Fragen. Unsere Projekte haben solche Fragen zum Inhalt \u2013 von der Bewahrung kulturhistorischer Substanz bis zu Erziehungs- und Bildungsfragen in Wissenschaft und Technologie, oder verantwortungsvoller Produktion in der Landwirtschaft. Wir entwickeln <\/font><font color=\"#e2007a\">effiziente Businesspl\u00e4ne in Verbindung <\/font><font color=\"#e2007a\"> mit den sozialen und gesellschaftlichen Zielsetzungen<\/font><font color=\"#e2007a\"> der Aufgabe und schaffen dadurch <\/font><font color=\"#e2007a\">wirtschaftlich nachhaltig erfolgreiche Projekte.<br> <\/font><\/p>\n\n\n\n<p class=\"has-small-font-size\"><font color=\"#e2007a\">Wir arbeiten sowohl direkt f\u00fcr Kunden aber auch, bei gr\u00f6\u00dferen und internationalen Projekten mit Partnern, weltweit. Bei vielen spannenden Projekten haben wir ein gut funktionierendes Netzwerk aufgebaut &#8211; und wir waren und sind sehr w\u00e4hlerisch, f\u00fcr und mit wem wir arbeiten.<\/font><\/p>\n\n\n\n<p class=\"has-small-font-size\"><font color=\"#e2007a\">Unsere internationale Zusammenarbeit macht uns flexibel und effizient. Wir sehen uns t\u00e4glich in unserem &#8220;virtuellen B\u00fcro&#8221;, wo wir Ideen und Gedanken austauschen. In der &#8220;realen Welt&#8221; besuchen wir uns regelm\u00e4ssig gegenseitig. Unsere B\u00fcros befinden sich Sudbury, Ontario\/Kanada; Glasgow\/Schottland; Southampton\/England und Lauterbach\/Deutschland. Unsere Flexibilit\u00e4t erlaubt es uns, einiges an Schlagkraft f\u00fcr ein Projekt auf die Beine zu stellen. <\/font><\/p>\n\n\n\n<p class=\"has-small-font-size\"><font color=\"#e2007a\">Wir sind zwei \u2013 oder zwanzig, abh\u00e4ngig von der Aufgabe die man an uns heran tr\u00e4gt.<\/font><\/p>\n","protected":false},"excerpt":{"rendered":"<p>We are a team of socially conscious designers, entrepreneurs, scientists, engineers, artists and inventors. Our passion is applying innovative solutions to social issues. Our projects have addressed a range of issues, from historic building preservation, to science and technology education and farm sustainability. We focus on delivering effective and economically sustainable projects. By merging social &hellip; <a href=\"https:\/\/www.bueroplasz.de\/art\/?page_id=6\" class=\"more-link\">Continue reading<span class=\"screen-reader-text\"> &#8220;network&#8221;<\/span><\/a><\/p>\n","protected":false},"author":1,"featured_media":0,"parent":0,"menu_order":0,"comment_status":"closed","ping_status":"open","template":"","meta":{"footnotes":""},"class_list":["post-6","page","type-page","status-publish","hentry"],"_links":{"self":[{"href":"https:\/\/www.bueroplasz.de\/art\/index.php?rest_route=\/wp\/v2\/pages\/6","targetHints":{"allow":["GET"]}}],"collection":[{"href":"https:\/\/www.bueroplasz.de\/art\/index.php?rest_route=\/wp\/v2\/pages"}],"about":[{"href":"https:\/\/www.bueroplasz.de\/art\/index.php?rest_route=\/wp\/v2\/types\/page"}],"author":[{"embeddable":true,"href":"https:\/\/www.bueroplasz.de\/art\/index.php?rest_route=\/wp\/v2\/users\/1"}],"replies":[{"embeddable":true,"href":"https:\/\/www.bueroplasz.de\/art\/index.php?rest_route=%2Fwp%2Fv2%2Fcomments&post=6"}],"version-history":[{"count":5,"href":"https:\/\/www.bueroplasz.de\/art\/index.php?rest_route=\/wp\/v2\/pages\/6\/revisions"}],"predecessor-version":[{"id":258,"href":"https:\/\/www.bueroplasz.de\/art\/index.php?rest_route=\/wp\/v2\/pages\/6\/revisions\/258"}],"wp:attachment":[{"href":"https:\/\/www.bueroplasz.de\/art\/index.php?rest_route=%2Fwp%2Fv2%2Fmedia&parent=6"}],"curies":[{"name":"wp","href":"https:\/\/api.w.org\/{rel}","templated":true}]}}